{"id":593,"date":"2019-10-07T12:15:30","date_gmt":"2019-10-07T12:15:30","guid":{"rendered":"http:\/\/inpulse.wgl-demo.net\/?page_id=593"},"modified":"2021-10-07T16:30:33","modified_gmt":"2021-10-07T19:30:33","slug":"sobre-nos","status":"publish","type":"page","link":"https:\/\/www.cndb.com.br\/new\/sobre-nos\/","title":{"rendered":"Sobre n\u00f3s"},"content":{"rendered":"\t\t<div data-elementor-type=\"wp-page\" data-elementor-id=\"593\" class=\"elementor elementor-593\" data-elementor-post-type=\"page\">\n\t\t\t\t\t\t<section class=\"elementor-section elementor-top-section elementor-element elementor-element-f6ec1b4 elementor-section-boxed elementor-section-height-default elementor-section-height-default\" data-id=\"f6ec1b4\" data-element_type=\"section\">\n\t\t\t\t\t\t<div class=\"elementor-container elementor-column-gap-default\">\n\t\t\t\t\t<div class=\"elementor-column elementor-col-100 elementor-top-column elementor-element elementor-element-b2a0733\" data-id=\"b2a0733\" data-element_type=\"column\">\n\t\t\t<div class=\"elementor-widget-wrap elementor-element-populated\">\n\t\t\t\t\t\t<div class=\"elementor-element elementor-element-e918815 elementor-widget elementor-widget-spacer\" data-id=\"e918815\" data-element_type=\"widget\" data-widget_type=\"spacer.default\">\n\t\t\t\t<div class=\"elementor-widget-container\">\n\t\t\t\t\t\t\t<div class=\"elementor-spacer\">\n\t\t\t<div class=\"elementor-spacer-inner\"><\/div>\n\t\t<\/div>\n\t\t\t\t\t\t<\/div>\n\t\t\t\t<\/div>\n\t\t\t\t\t<\/div>\n\t\t<\/div>\n\t\t\t\t\t<\/div>\n\t\t<\/section>\n\t\t\t\t<section class=\"elementor-section elementor-top-section elementor-element elementor-element-41b16ef elementor-section-content-middle elementor-section-boxed elementor-section-height-default elementor-section-height-default\" data-id=\"41b16ef\" data-element_type=\"section\">\n\t\t\t\t\t\t<div class=\"elementor-container elementor-column-gap-default\">\n\t\t\t\t\t<div class=\"elementor-column elementor-col-50 elementor-top-column elementor-element elementor-element-92ff63d\" data-id=\"92ff63d\" data-element_type=\"column\">\n\t\t\t<div class=\"elementor-widget-wrap\">\n\t\t\t\t\t\t\t<\/div>\n\t\t<\/div>\n\t\t\t\t<div class=\"elementor-column elementor-col-50 elementor-top-column elementor-element elementor-element-ad7f8c6\" data-id=\"ad7f8c6\" data-element_type=\"column\">\n\t\t\t<div class=\"elementor-widget-wrap elementor-element-populated\">\n\t\t\t\t\t\t<div class=\"elementor-element elementor-element-17d36ed elementor-widget elementor-widget-spacer\" data-id=\"17d36ed\" data-element_type=\"widget\" data-widget_type=\"spacer.default\">\n\t\t\t\t<div class=\"elementor-widget-container\">\n\t\t\t\t\t\t\t<div class=\"elementor-spacer\">\n\t\t\t<div class=\"elementor-spacer-inner\"><\/div>\n\t\t<\/div>\n\t\t\t\t\t\t<\/div>\n\t\t\t\t<\/div>\n\t\t\t\t<div class=\"elementor-element elementor-element-1d2c167 elementor-widget elementor-widget-text-editor\" data-id=\"1d2c167\" data-element_type=\"widget\" data-widget_type=\"text-editor.default\">\n\t\t\t\t<div class=\"elementor-widget-container\">\n\t\t\t\t\t\t\t\t\t<p>Somos a CNDB Nacional, nossa finalidade:<\/p><ul><li>Dar assist\u00eancia moral e eclesi\u00e1stica a todos os ministros do Evangelho de Nosso Senhor Jesus Cristo;<\/li><li>Orienta\u00e7\u00e3o jur\u00eddica as igrejas sem distin\u00e7\u00e3o de placa desde que a Igreja seja da mesma F\u00e9 e Ordem tendo como Regra de F\u00e9 a Palavra de Deus \u2013 a B\u00edblia Sagrada.<\/li><\/ul>\t\t\t\t\t\t\t\t<\/div>\n\t\t\t\t<\/div>\n\t\t\t\t<div class=\"elementor-element elementor-element-28efb60 elementor-widget elementor-widget-spacer\" data-id=\"28efb60\" data-element_type=\"widget\" data-widget_type=\"spacer.default\">\n\t\t\t\t<div class=\"elementor-widget-container\">\n\t\t\t\t\t\t\t<div class=\"elementor-spacer\">\n\t\t\t<div class=\"elementor-spacer-inner\"><\/div>\n\t\t<\/div>\n\t\t\t\t\t\t<\/div>\n\t\t\t\t<\/div>\n\t\t\t\t\t<\/div>\n\t\t<\/div>\n\t\t\t\t\t<\/div>\n\t\t<\/section>\n\t\t\t\t<section class=\"elementor-section elementor-top-section elementor-element elementor-element-be2ebaf elementor-section-stretched elementor-section-boxed elementor-section-height-default elementor-section-height-default\" data-id=\"be2ebaf\" data-element_type=\"section\" data-settings=\"{&quot;background_background&quot;:&quot;classic&quot;,&quot;stretch_section&quot;:&quot;section-stretched&quot;}\">\n\t\t\t\t\t\t\t<div class=\"elementor-background-overlay\"><\/div>\n\t\t\t\t\t\t\t<div class=\"elementor-container elementor-column-gap-default\">\n\t\t\t\t\t<div class=\"elementor-column elementor-col-100 elementor-top-column elementor-element elementor-element-d4d9cbe\" data-id=\"d4d9cbe\" data-element_type=\"column\">\n\t\t\t<div class=\"elementor-widget-wrap elementor-element-populated\">\n\t\t\t\t\t\t<div class=\"elementor-element elementor-element-7fb0c80 elementor-widget elementor-widget-text-editor\" data-id=\"7fb0c80\" data-element_type=\"widget\" data-widget_type=\"text-editor.default\">\n\t\t\t\t<div class=\"elementor-widget-container\">\n\t\t\t\t\t\t\t\t\t<ul><li>Continuar dando assist\u00eancia jur\u00eddica as Igrejas de Deus em todo o Territ\u00f3rio Nacional;<\/li><li>Reconhecer todos os Ministros do Evangelho e fazer not\u00f3rio o reconhecimento de seu minist\u00e9rio em nossa Conven\u00e7\u00e3o, oferecendo a aqueles que s\u00e3o recebidos na CNDB Nacional seu certificado de credenciamento e reconhecimento pastoral de n\u00edvel eclesi\u00e1stico.<\/li><li>Trazer para a formalidade todos os ministros que tiveram seu minist\u00e9rio consagrado mas n\u00e3o reconhecido, a CNDB reconhece o seu Minist\u00e9rio e emiti o certificado de filia\u00e7\u00e3o para que este venha a ter uma origem eclesi\u00e1stica e ministerial;<\/li><li>A CNDB recebe e reconhece todos os Minist\u00e9rios sem distin\u00e7\u00e3o de placa, podendo os mesmos ser: Assembleia de Deus, Comunidade, Pentecostal, Neopentecostal, desde que tenha Jesus Cristo como seu \u00danico Salvador e a Palavra de Deus como \u00danica Regra de F\u00e9.<\/li><\/ul>\t\t\t\t\t\t\t\t<\/div>\n\t\t\t\t<\/div>\n\t\t\t\t\t<\/div>\n\t\t<\/div>\n\t\t\t\t\t<\/div>\n\t\t<\/section>\n\t\t\t\t<section class=\"elementor-section elementor-top-section elementor-element elementor-element-b591459 elementor-section-boxed elementor-section-height-default elementor-section-height-default\" data-id=\"b591459\" data-element_type=\"section\">\n\t\t\t\t\t\t<div class=\"elementor-container elementor-column-gap-default\">\n\t\t\t\t\t<div class=\"elementor-column elementor-col-100 elementor-top-column elementor-element elementor-element-783b983\" data-id=\"783b983\" data-element_type=\"column\">\n\t\t\t<div class=\"elementor-widget-wrap elementor-element-populated\">\n\t\t\t\t\t\t<section class=\"elementor-section elementor-inner-section elementor-element elementor-element-9c7f74a elementor-section-boxed elementor-section-height-default elementor-section-height-default\" data-id=\"9c7f74a\" data-element_type=\"section\">\n\t\t\t\t\t\t<div class=\"elementor-container elementor-column-gap-default\">\n\t\t\t\t\t<div class=\"elementor-column elementor-col-50 elementor-inner-column elementor-element elementor-element-7a42bca\" data-id=\"7a42bca\" data-element_type=\"column\">\n\t\t\t<div class=\"elementor-widget-wrap elementor-element-populated\">\n\t\t\t\t\t\t<div class=\"elementor-element elementor-element-2751507 elementor-widget elementor-widget-image\" data-id=\"2751507\" data-element_type=\"widget\" data-widget_type=\"image.default\">\n\t\t\t\t<div class=\"elementor-widget-container\">\n\t\t\t\t\t\t\t\t\t\t\t\t\t\t\t<img fetchpriority=\"high\" decoding=\"async\" width=\"700\" height=\"654\" src=\"https:\/\/www.cndb.com.br\/new\/wp-content\/uploads\/2019\/12\/Asset-4@3x-700x654.png\" class=\"attachment-large size-large wp-image-1614\" alt=\"\" srcset=\"https:\/\/www.cndb.com.br\/new\/wp-content\/uploads\/2019\/12\/Asset-4@3x-700x654.png 700w, https:\/\/www.cndb.com.br\/new\/wp-content\/uploads\/2019\/12\/Asset-4@3x-300x280.png 300w, https:\/\/www.cndb.com.br\/new\/wp-content\/uploads\/2019\/12\/Asset-4@3x-768x718.png 768w, https:\/\/www.cndb.com.br\/new\/wp-content\/uploads\/2019\/12\/Asset-4@3x.png 1529w\" sizes=\"(max-width: 700px) 100vw, 700px\" \/>\t\t\t\t\t\t\t\t\t\t\t\t\t\t\t<\/div>\n\t\t\t\t<\/div>\n\t\t\t\t\t<\/div>\n\t\t<\/div>\n\t\t\t\t<div class=\"elementor-column elementor-col-50 elementor-inner-column elementor-element elementor-element-65003b0\" data-id=\"65003b0\" data-element_type=\"column\">\n\t\t\t<div class=\"elementor-widget-wrap elementor-element-populated\">\n\t\t\t\t\t\t<div class=\"elementor-element elementor-element-be9eadf elementor-widget elementor-widget-heading\" data-id=\"be9eadf\" data-element_type=\"widget\" data-widget_type=\"heading.default\">\n\t\t\t\t<div class=\"elementor-widget-container\">\n\t\t\t\t\t<h5 class=\"elementor-heading-title elementor-size-default\">Onde Estamos:<\/h5>\t\t\t\t<\/div>\n\t\t\t\t<\/div>\n\t\t\t\t<div class=\"elementor-element elementor-element-4a66f8c elementor-widget elementor-widget-text-editor\" data-id=\"4a66f8c\" data-element_type=\"widget\" data-widget_type=\"text-editor.default\">\n\t\t\t\t<div class=\"elementor-widget-container\">\n\t\t\t\t\t\t\t\t\t<p>Estamos sediados em S\u00e3o Paulo \u2013 Capital, com projeto de expans\u00e3o para todo o Brasil, atualmente j\u00e1 possu\u00edmos ministros em alguns estados brasileiros e no exterior. Temos em nosso rol de Membros Ministros na \u00c1frica, Col\u00f4mbia, Peru e Chile, al\u00e9m do pr\u00f3prio Brasil.<\/p>\t\t\t\t\t\t\t\t<\/div>\n\t\t\t\t<\/div>\n\t\t\t\t\t<\/div>\n\t\t<\/div>\n\t\t\t\t\t<\/div>\n\t\t<\/section>\n\t\t\t\t<div class=\"elementor-element elementor-element-ab3accb elementor-widget elementor-widget-text-editor\" data-id=\"ab3accb\" data-element_type=\"widget\" data-widget_type=\"text-editor.default\">\n\t\t\t\t<div class=\"elementor-widget-container\">\n\t\t\t\t\t\t\t\t\t<p>Uma Conven\u00e7\u00e3o do Brasil para <span style=\"text-decoration: underline;\">o mundo!<\/span><\/p>\t\t\t\t\t\t\t\t<\/div>\n\t\t\t\t<\/div>\n\t\t\t\t\t<\/div>\n\t\t<\/div>\n\t\t\t\t\t<\/div>\n\t\t<\/section>\n\t\t\t\t<section class=\"elementor-section elementor-top-section elementor-element elementor-element-7f50305 elementor-section-stretched elementor-section-boxed elementor-section-height-default elementor-section-height-default\" data-id=\"7f50305\" data-element_type=\"section\" data-settings=\"{&quot;stretch_section&quot;:&quot;section-stretched&quot;,&quot;background_background&quot;:&quot;classic&quot;}\">\n\t\t\t\t\t\t<div class=\"elementor-container elementor-column-gap-default\">\n\t\t\t\t\t<div class=\"elementor-column elementor-col-100 elementor-top-column elementor-element elementor-element-542ca91\" data-id=\"542ca91\" data-element_type=\"column\">\n\t\t\t<div class=\"elementor-widget-wrap elementor-element-populated\">\n\t\t\t\t\t\t<div class=\"elementor-element elementor-element-8b1ba34 elementor-widget elementor-widget-heading\" data-id=\"8b1ba34\" data-element_type=\"widget\" data-widget_type=\"heading.default\">\n\t\t\t\t<div class=\"elementor-widget-container\">\n\t\t\t\t\t<h5 class=\"elementor-heading-title elementor-size-default\">Estamos presentes em:<\/h5>\t\t\t\t<\/div>\n\t\t\t\t<\/div>\n\t\t\t\t\t<\/div>\n\t\t<\/div>\n\t\t\t\t\t<\/div>\n\t\t<\/section>\n\t\t\t\t<section class=\"elementor-section elementor-top-section elementor-element elementor-element-c7baf7b elementor-section-stretched elementor-section-boxed elementor-section-height-default elementor-section-height-default\" data-id=\"c7baf7b\" data-element_type=\"section\" data-settings=\"{&quot;stretch_section&quot;:&quot;section-stretched&quot;,&quot;background_background&quot;:&quot;classic&quot;}\">\n\t\t\t\t\t\t<div class=\"elementor-container elementor-column-gap-default\">\n\t\t\t\t\t<div class=\"elementor-column elementor-col-25 elementor-top-column elementor-element elementor-element-cb06507\" data-id=\"cb06507\" data-element_type=\"column\">\n\t\t\t<div class=\"elementor-widget-wrap elementor-element-populated\">\n\t\t\t\t\t\t<div class=\"elementor-element elementor-element-8c4cab0 elementor-widget elementor-widget-counter\" data-id=\"8c4cab0\" data-element_type=\"widget\" data-widget_type=\"counter.default\">\n\t\t\t\t<div class=\"elementor-widget-container\">\n\t\t\t\t\t\t\t<div class=\"elementor-counter\">\n\t\t\t<div class=\"elementor-counter-title\">Continentes<\/div>\t\t\t<div class=\"elementor-counter-number-wrapper\">\n\t\t\t\t<span class=\"elementor-counter-number-prefix\"><\/span>\n\t\t\t\t<span class=\"elementor-counter-number\" data-duration=\"2000\" data-to-value=\"2\" data-from-value=\"0\" data-delimiter=\",\">0<\/span>\n\t\t\t\t<span class=\"elementor-counter-number-suffix\"><\/span>\n\t\t\t<\/div>\n\t\t<\/div>\n\t\t\t\t\t\t<\/div>\n\t\t\t\t<\/div>\n\t\t\t\t\t<\/div>\n\t\t<\/div>\n\t\t\t\t<div class=\"elementor-column elementor-col-25 elementor-top-column elementor-element elementor-element-cfc8132\" data-id=\"cfc8132\" data-element_type=\"column\">\n\t\t\t<div class=\"elementor-widget-wrap elementor-element-populated\">\n\t\t\t\t\t\t<div class=\"elementor-element elementor-element-a729d5f elementor-widget elementor-widget-counter\" data-id=\"a729d5f\" data-element_type=\"widget\" data-widget_type=\"counter.default\">\n\t\t\t\t<div class=\"elementor-widget-container\">\n\t\t\t\t\t\t\t<div class=\"elementor-counter\">\n\t\t\t<div class=\"elementor-counter-title\">Pa\u00edses<\/div>\t\t\t<div class=\"elementor-counter-number-wrapper\">\n\t\t\t\t<span class=\"elementor-counter-number-prefix\"><\/span>\n\t\t\t\t<span class=\"elementor-counter-number\" data-duration=\"2000\" data-to-value=\"4\" data-from-value=\"0\" data-delimiter=\",\">0<\/span>\n\t\t\t\t<span class=\"elementor-counter-number-suffix\"><\/span>\n\t\t\t<\/div>\n\t\t<\/div>\n\t\t\t\t\t\t<\/div>\n\t\t\t\t<\/div>\n\t\t\t\t\t<\/div>\n\t\t<\/div>\n\t\t\t\t<div class=\"elementor-column elementor-col-25 elementor-top-column elementor-element elementor-element-c632e5e\" data-id=\"c632e5e\" data-element_type=\"column\">\n\t\t\t<div class=\"elementor-widget-wrap elementor-element-populated\">\n\t\t\t\t\t\t<div class=\"elementor-element elementor-element-1ca8453 elementor-widget elementor-widget-counter\" data-id=\"1ca8453\" data-element_type=\"widget\" data-widget_type=\"counter.default\">\n\t\t\t\t<div class=\"elementor-widget-container\">\n\t\t\t\t\t\t\t<div class=\"elementor-counter\">\n\t\t\t<div class=\"elementor-counter-title\">Estados Brasileiros<\/div>\t\t\t<div class=\"elementor-counter-number-wrapper\">\n\t\t\t\t<span class=\"elementor-counter-number-prefix\"><\/span>\n\t\t\t\t<span class=\"elementor-counter-number\" data-duration=\"2000\" data-to-value=\"4\" data-from-value=\"0\" data-delimiter=\",\">0<\/span>\n\t\t\t\t<span class=\"elementor-counter-number-suffix\"><\/span>\n\t\t\t<\/div>\n\t\t<\/div>\n\t\t\t\t\t\t<\/div>\n\t\t\t\t<\/div>\n\t\t\t\t\t<\/div>\n\t\t<\/div>\n\t\t\t\t<div class=\"elementor-column elementor-col-25 elementor-top-column elementor-element elementor-element-9254f48\" data-id=\"9254f48\" data-element_type=\"column\">\n\t\t\t<div class=\"elementor-widget-wrap elementor-element-populated\">\n\t\t\t\t\t\t<div class=\"elementor-element elementor-element-2c2b2ae elementor-widget elementor-widget-counter\" data-id=\"2c2b2ae\" data-element_type=\"widget\" data-widget_type=\"counter.default\">\n\t\t\t\t<div class=\"elementor-widget-container\">\n\t\t\t\t\t\t\t<div class=\"elementor-counter\">\n\t\t\t<div class=\"elementor-counter-title\">Membros<\/div>\t\t\t<div class=\"elementor-counter-number-wrapper\">\n\t\t\t\t<span class=\"elementor-counter-number-prefix\"><\/span>\n\t\t\t\t<span class=\"elementor-counter-number\" data-duration=\"2000\" data-to-value=\"140\" data-from-value=\"0\" data-delimiter=\",\">0<\/span>\n\t\t\t\t<span class=\"elementor-counter-number-suffix\"><\/span>\n\t\t\t<\/div>\n\t\t<\/div>\n\t\t\t\t\t\t<\/div>\n\t\t\t\t<\/div>\n\t\t\t\t\t<\/div>\n\t\t<\/div>\n\t\t\t\t\t<\/div>\n\t\t<\/section>\n\t\t\t\t<section class=\"elementor-section elementor-top-section elementor-element elementor-element-942e35e elementor-section-boxed elementor-section-height-default elementor-section-height-default\" data-id=\"942e35e\" data-element_type=\"section\">\n\t\t\t\t\t\t<div class=\"elementor-container elementor-column-gap-default\">\n\t\t\t\t\t<div class=\"elementor-column elementor-col-100 elementor-top-column elementor-element elementor-element-1f56bc2\" data-id=\"1f56bc2\" data-element_type=\"column\">\n\t\t\t<div class=\"elementor-widget-wrap elementor-element-populated\">\n\t\t\t\t\t\t<div class=\"elementor-element elementor-element-5b638d7 elementor-widget elementor-widget-heading\" data-id=\"5b638d7\" data-element_type=\"widget\" data-widget_type=\"heading.default\">\n\t\t\t\t<div class=\"elementor-widget-container\">\n\t\t\t\t\t<h5 class=\"elementor-heading-title elementor-size-default\">Objetivos:<\/h5>\t\t\t\t<\/div>\n\t\t\t\t<\/div>\n\t\t\t\t<section class=\"elementor-section elementor-inner-section elementor-element elementor-element-4735bfa elementor-section-boxed elementor-section-height-default elementor-section-height-default\" data-id=\"4735bfa\" data-element_type=\"section\">\n\t\t\t\t\t\t<div class=\"elementor-container elementor-column-gap-default\">\n\t\t\t\t\t<div class=\"elementor-column elementor-col-100 elementor-inner-column elementor-element elementor-element-2ea4459\" data-id=\"2ea4459\" data-element_type=\"column\">\n\t\t\t<div class=\"elementor-widget-wrap elementor-element-populated\">\n\t\t\t\t\t\t<div class=\"elementor-element elementor-element-ba26723 elementor-widget elementor-widget-text-editor\" data-id=\"ba26723\" data-element_type=\"widget\" data-widget_type=\"text-editor.default\">\n\t\t\t\t<div class=\"elementor-widget-container\">\n\t\t\t\t\t\t\t\t\t<p>Temos por objetivo orientar, receber e capacitar Ministros do Evangelho atrav\u00e9s de <strong>Cursos de Lideran\u00e7a Pastoral<\/strong> dirigido para todo aquele que quer se capacitar e ser uma grande lideran\u00e7a no meio evang\u00e9lico, bem como oferecer Cursos Teol\u00f3gico para todos os n\u00edveis de obreiro sendo os <strong>Cursos B\u00e1sico, M\u00e9dio, Bacharel, Mestrado e Doutorado em Teologia<\/strong>. A CNDB procurar\u00e1 levar sempre benef\u00edcios aos seus filiados atrav\u00e9s de descontos em estabelecimentos comerciais que fizerem parceria com a CNDB no futuro. A CNDB procurar\u00e1 amparar todas as Igrejas do \u00e2mbito municipal, estadual e federal, bem como ter\u00e1 alian\u00e7as pol\u00edticas no \u00e2mbito municipal, estadual e federal com o objetivo de estabelecer relacionamentos longo e duradouro onde os mesmos poder\u00e3o colaborar para o bom andamento da Igreja de Deus e da Obra de Deus como um todo.<\/p><p><img decoding=\"async\" class=\"size-medium wp-image-1625 alignright\" src=\"http:\/\/www.cndb.com.br\/new\/wp-content\/uploads\/2019\/12\/PR-XAVIER-SB-1-215x300.png\" alt=\"\" width=\"215\" height=\"300\" srcset=\"https:\/\/www.cndb.com.br\/new\/wp-content\/uploads\/2019\/12\/PR-XAVIER-SB-1-215x300.png 215w, https:\/\/www.cndb.com.br\/new\/wp-content\/uploads\/2019\/12\/PR-XAVIER-SB-1.png 218w\" sizes=\"(max-width: 215px) 100vw, 215px\" \/><\/p><p>A CNDB Nacional atrav\u00e9s do seu Presidente procurar\u00e1 fazer alian\u00e7a com todas autoridades eclesi\u00e1sticas, civis e militares para o bom desenvolvimento e andamento da Obra de Deus.<\/p><p>A CNDB Nacional atrav\u00e9s do seu Presidente procurar\u00e1 formar parcerias com advogados, contadores e outros que possam agregar aos nossos filiados conhecimentos, bem-estar e lhe proporcionar o melhor desenvolvimento da Obra de Deus.<\/p><p>Para isso a CNDB Nacional busca parcerias em todos os n\u00edveis municipal, estadual e federal. Voc\u00ea que \u00e9 Pastor, Di\u00e1cono, Evangelista, Presb\u00edtero, Bispo, Ap\u00f3stolo ou Ap\u00f3stola, todos ser\u00e3o bem-vindo sem distin\u00e7\u00e3o de cargo. Filiamos desde o Di\u00e1cono at\u00e9 o Ap\u00f3stolo em todos os n\u00edveis, filiamos e lhe damos a sua credencial de reconhecimento pastoral, sabendo que a CNDB Nacional emite o Certificado de Reconhecimento Pastoral bem como uma Carta de Apresenta\u00e7\u00e3o na qual a CNDB Nacional se coloca \u00e0 disposi\u00e7\u00e3o do filiado para que possa tirar d\u00favida em qualquer dia e hora por parte de quem quer que seja.<\/p>\t\t\t\t\t\t\t\t<\/div>\n\t\t\t\t<\/div>\n\t\t\t\t\t<\/div>\n\t\t<\/div>\n\t\t\t\t\t<\/div>\n\t\t<\/section>\n\t\t\t\t\t<\/div>\n\t\t<\/div>\n\t\t\t\t\t<\/div>\n\t\t<\/section>\n\t\t\t\t<section class=\"elementor-section elementor-top-section elementor-element elementor-element-2b04e4b elementor-section-stretched elementor-section-boxed elementor-section-height-default elementor-section-height-default\" data-id=\"2b04e4b\" data-element_type=\"section\" data-settings=\"{&quot;stretch_section&quot;:&quot;section-stretched&quot;,&quot;background_background&quot;:&quot;classic&quot;}\">\n\t\t\t\t\t\t<div class=\"elementor-container elementor-column-gap-default\">\n\t\t\t\t\t<div class=\"elementor-column elementor-col-100 elementor-top-column elementor-element elementor-element-00b4c1a\" data-id=\"00b4c1a\" data-element_type=\"column\">\n\t\t\t<div class=\"elementor-widget-wrap elementor-element-populated\">\n\t\t\t\t\t\t<div class=\"elementor-element elementor-element-93ed3ad elementor-widget elementor-widget-text-editor\" data-id=\"93ed3ad\" data-element_type=\"widget\" data-widget_type=\"text-editor.default\">\n\t\t\t\t<div class=\"elementor-widget-container\">\n\t\t\t\t\t\t\t\t\t<p><strong>Desde j\u00e1 desejamos a todos Bem-Vindo.<\/strong><\/p>\t\t\t\t\t\t\t\t<\/div>\n\t\t\t\t<\/div>\n\t\t\t\t<div class=\"elementor-element elementor-element-5fa20a2 elementor-widget elementor-widget-heading\" data-id=\"5fa20a2\" data-element_type=\"widget\" data-widget_type=\"heading.default\">\n\t\t\t\t<div class=\"elementor-widget-container\">\n\t\t\t\t\t<h5 class=\"elementor-heading-title elementor-size-default\">Nosso Lema na CNDB Nacional \u00e9 \u201cUma Conven\u00e7\u00e3o para Todos\u201d<\/h5>\t\t\t\t<\/div>\n\t\t\t\t<\/div>\n\t\t\t\t\t<\/div>\n\t\t<\/div>\n\t\t\t\t\t<\/div>\n\t\t<\/section>\n\t\t\t\t<\/div>\n\t\t","protected":false},"excerpt":{"rendered":"<p>Sobre n\u00f3s Bem Vindo \u00e0 CNDB Nacional Somos a CNDB Nacional, nossa finalidade: Dar assist\u00eancia moral e eclesi\u00e1stica a todos os ministros do Evangelho de Nosso Senhor Jesus Cristo; Orienta\u00e7\u00e3o jur\u00eddica as igrejas sem distin\u00e7\u00e3o de placa desde que a Igreja seja da mesma F\u00e9 e Ordem tendo como Regra de F\u00e9 a Palavra de [&hellip;]<\/p>\n","protected":false},"author":1,"featured_media":0,"parent":0,"menu_order":0,"comment_status":"closed","ping_status":"closed","template":"","meta":{"footnotes":""},"class_list":["post-593","page","type-page","status-publish","hentry"],"_links":{"self":[{"href":"https:\/\/www.cndb.com.br\/new\/wp-json\/wp\/v2\/pages\/593","targetHints":{"allow":["GET"]}}],"collection":[{"href":"https:\/\/www.cndb.com.br\/new\/wp-json\/wp\/v2\/pages"}],"about":[{"href":"https:\/\/www.cndb.com.br\/new\/wp-json\/wp\/v2\/types\/page"}],"author":[{"embeddable":true,"href":"https:\/\/www.cndb.com.br\/new\/wp-json\/wp\/v2\/users\/1"}],"replies":[{"embeddable":true,"href":"https:\/\/www.cndb.com.br\/new\/wp-json\/wp\/v2\/comments?post=593"}],"version-history":[{"count":6,"href":"https:\/\/www.cndb.com.br\/new\/wp-json\/wp\/v2\/pages\/593\/revisions"}],"predecessor-version":[{"id":3634,"href":"https:\/\/www.cndb.com.br\/new\/wp-json\/wp\/v2\/pages\/593\/revisions\/3634"}],"wp:attachment":[{"href":"https:\/\/www.cndb.com.br\/new\/wp-json\/wp\/v2\/media?parent=593"}],"curies":[{"name":"wp","href":"https:\/\/api.w.org\/{rel}","templated":true}]}}