{"id":1760,"date":"2019-12-15T01:52:10","date_gmt":"2019-12-15T01:52:10","guid":{"rendered":"http:\/\/www.cndb.com.br\/new\/?page_id=1760"},"modified":"2023-12-10T01:14:54","modified_gmt":"2023-12-10T04:14:54","slug":"cadastro-de-membro-cndb","status":"publish","type":"page","link":"https:\/\/www.cndb.com.br\/new\/cadastro-de-membro-cndb\/","title":{"rendered":"Cadastro de Membro \u00e0 CNDB"},"content":{"rendered":"\r\n<figure class=\"wp-block-image size-full\"><img fetchpriority=\"high\" decoding=\"async\" width=\"1000\" height=\"180\" class=\"wp-image-1768\" src=\"http:\/\/www.cndb.com.br\/new\/wp-content\/uploads\/2019\/12\/title_cadastromembro-1.jpg\" alt=\"\" srcset=\"https:\/\/www.cndb.com.br\/new\/wp-content\/uploads\/2019\/12\/title_cadastromembro-1.jpg 1000w, https:\/\/www.cndb.com.br\/new\/wp-content\/uploads\/2019\/12\/title_cadastromembro-1-700x126.jpg 700w, https:\/\/www.cndb.com.br\/new\/wp-content\/uploads\/2019\/12\/title_cadastromembro-1-768x138.jpg 768w\" sizes=\"(max-width: 1000px) 100vw, 1000px\" \/><\/figure>\r\n\r\n<h4><span style=\"color: #0000ff;\">ASSIM QUE VOC\u00ca CONCLUIR O SEU CADASTRO, CLIQUE EM UMAS DAS OP\u00c7\u00d5ES ABAIXO PARA PAGAR A SUA FILIA\u00c7\u00c3O.<\/span><\/h4>\r\n<div id=\"smart-button-container\">\r\n<div style=\"text-align: center;\">\r\n<div id=\"paypal-button-container\">\u00a0<\/div>\r\n<\/div>\r\n<\/div>\r\n<p><script src=\"https:\/\/www.paypal.com\/sdk\/js?client-id=sb&#038;enable-funding=venmo&#038;currency=BRL\" data-sdk-integration-source=\"button-factory\"><\/script> <script>\r\n    function initPayPalButton() {\r\n      paypal.Buttons({\r\n        style: {\r\n          shape: 'rect',\r\n          color: 'gold',\r\n          layout: 'vertical',\r\n          label: 'pay',\r\n          \r\n        },\r\n\r\n        createOrder: function(data, actions) {\r\n          return actions.order.create({\r\n            purchase_units: [{\"description\":\"PAGAMENTO DE FILIA\u00c7\u00c3O DE OBREIRO A CNDB\",\"amount\":{\"currency_code\":\"BRL\",\"value\":600}}]\r\n          });\r\n        },\r\n\r\n        onApprove: function(data, actions) {\r\n          return actions.order.capture().then(function(orderData) {\r\n            \r\n            \/\/ Full available details\r\n            console.log('Capture result', orderData, JSON.stringify(orderData, null, 2));\r\n            \/\/ Show a success message within this page, e.g.\r\n            const element = document.getElementById('paypal-button-container');\r\n            element.innerHTML = '';\r\n            element.innerHTML = '<h3>Obrigado pelo seu pagamento, em breve entraremos em contato!<\/h3>';\r\n            \/\/ Or go to another URL:  actions.redirect('thank_you.html');\r\n            \r\n          });\r\n        },\r\n\r\n        onError: function(err) {\r\n          console.log(err);\r\n        }\r\n      }).render('#paypal-button-container');\r\n    }\r\n    initPayPalButton();\r\n  <\/script><\/p>\r\n\r\n<p>Ap\u00f3s preencher o seu cadastro, clique em Enviar.<\/p>\r\n\r\n\r\n\r\n<p>[wpforms id=&#8221;1758&#8243; title=&#8221;false&#8221; description=&#8221;false&#8221;]<\/p>\r\n\r\n\r\n\r\n<p><span style=\"color: #000000;\">Seu cadastro ser\u00e1 analisado pela comiss\u00e3o de avalia\u00e7\u00e3o para novos membros da CNDB, sendo aprovado o seu cadastro a comiss\u00e3o da CNDB entrar\u00e1 em contato com voc\u00ea.<\/span><\/p>\r\n<h4><span style=\"color: #ff0000;\">Todos os Obreiros Filiados ir\u00e3o receber um Curso de Teologia Gr\u00e1tis Online.<\/span><\/h4>\r\n<h5><span style=\"color: #0000ff;\"><strong>O curso poder\u00e1 ser B\u00e1sico, M\u00e9dio, Bacharel e Mestrado em Teologia.<\/strong><\/span><\/h5>\r\n<p><strong><span style=\"color: #000000;\">Para o curso B\u00e1sico e M\u00e9dio em Teologia n\u00e3o \u00e9 necess\u00e1rio forma\u00e7\u00e3o secular, o Curso Bacharel em Teologia e o Curso Mestrado em Teologia s\u00f3 poder\u00e3o serem feitos por quem possui o Diploma do Ensino M\u00e9dio.<\/span><\/strong><\/p>\r\n<p><span style=\"color: #0000ff;\"><strong>O obreiro que estiver no Plano Mensal receber\u00e1 uma mat\u00e9ria por m\u00eas do Curso de Teologia escolhido por ele, j\u00e1 o obreiro que optar pelo Plano Anual receber\u00e1 imediatamente 12 mat\u00e9rias correspondestes aos meses do ano do curso que este escolheu. O Diploma de Conclus\u00e3o de Curso s\u00f3 ser\u00e1 emitido ap\u00f3s a realiza\u00e7\u00e3o das provas no site da CNDB, e aprova\u00e7\u00e3o do obreiro nas mesmas.<\/strong><\/span><\/p>\r\n<p><span style=\"color: #000000;\"><strong>O obreiro filiado poder\u00e1 optar por receber as mat\u00e9rias do seu Curso de Teologia por apostila impressa com 50% de desconto no pre\u00e7o de cada apostila.<\/strong><\/span><\/p>\r\n<h4><span style=\"color: #000000;\">Para a filia\u00e7\u00e3o de obreiros n\u00e3o \u00e9 cobrada taxa de filia\u00e7\u00e3o, somente o valor integral das mensalidades no pagamento anual no Cart\u00e3o de Cr\u00e9dito.<\/span><\/h4>\r\n<p><span style=\"color: #000000;\">A CNDB oferece dois planos de filia\u00e7\u00e3o:<\/span><\/p>\r\n<ol>\r\n<li><span style=\"color: #000000;\"><strong>O Plano Mensal<\/strong>: No Plano Mensal o obreiro filiado paga uma mensalidade de R$ 50,00 a ser paga todo dia 10 de cada m\u00eas, pagamento via PIX. O Plano Mensal \u00e9 v\u00e1lido para todo Brasi.<\/span><\/li>\r\n<li><span style=\"color: #000000;\"><strong>O Plano Anual<\/strong>: No Plano Anual o obreiro paga uma taxa por no valor de R$ 250,00 para obreiro individual. Na filia\u00e7\u00e3o de casal, a esposa do obreiro tem 50% de desconto, v\u00e1lido apenas se ambos se filiarem. Pagamento via PIX. O Plano Anual \u00e9 para obreiros filiados em todas as cidades do Brasil.<\/span>\u00a0<\/li>\r\n<\/ol>\r\n<h2><span style=\"color: #000000;\"><strong>O Plano Anual pode ser pago via PIX, Cart\u00e3o ou Boleto.<\/strong><\/span><\/h2>\r\n<p><span style=\"color: #000000;\">\r\n\r\n<\/span><\/p>\r\n<p><span style=\"color: #000000;\">A filia\u00e7\u00e3o de Igrejas \u00e9 de R$ 200,00 por ano. A Igreja Filiada tem direito a utilizar a logomarca de Filiada a CNDB na placa da Igreja, para tanto a CNDB fornece gr\u00e1tis ao Pastor da Igreja filiada o servi\u00e7o de cria\u00e7\u00e3o da arte gr\u00e1fica da Placa da Igreja j\u00e1 com o logo da CNDB.<\/span><\/p>\r\n<p><span style=\"color: #000000;\">As contribui\u00e7\u00f5es dever\u00e3o estarem estritamente em dia com a Secret\u00e1ria da CNDB para que o filiado receba toda a orienta\u00e7\u00e3o jur\u00eddica e eclesi\u00e1stica da CNDB, obreiros com contribui\u00e7\u00e3o em atraso por 35 dias\u00a0 ter\u00e1 sua filia\u00e7\u00e3o desligada, sendo normalizada somente com o pagamento da contribui\u00e7\u00e3o e carta de anu\u00eancia do seu pastor presidente.<\/span><\/p>","protected":false},"excerpt":{"rendered":"<p>ASSIM QUE VOC\u00ca CONCLUIR O SEU CADASTRO, CLIQUE EM UMAS DAS OP\u00c7\u00d5ES ABAIXO PARA PAGAR A SUA FILIA\u00c7\u00c3O. \u00a0 Ap\u00f3s preencher o seu cadastro, clique em Enviar. [wpforms id=&#8221;1758&#8243; title=&#8221;false&#8221; description=&#8221;false&#8221;] Seu cadastro ser\u00e1 analisado pela comiss\u00e3o de avalia\u00e7\u00e3o para novos membros da CNDB, sendo aprovado o seu cadastro a comiss\u00e3o da CNDB entrar\u00e1 em [&hellip;]<\/p>\n","protected":false},"author":1,"featured_media":0,"parent":0,"menu_order":0,"comment_status":"closed","ping_status":"closed","template":"","meta":{"footnotes":""},"class_list":["post-1760","page","type-page","status-publish","hentry"],"_links":{"self":[{"href":"https:\/\/www.cndb.com.br\/new\/wp-json\/wp\/v2\/pages\/1760","targetHints":{"allow":["GET"]}}],"collection":[{"href":"https:\/\/www.cndb.com.br\/new\/wp-json\/wp\/v2\/pages"}],"about":[{"href":"https:\/\/www.cndb.com.br\/new\/wp-json\/wp\/v2\/types\/page"}],"author":[{"embeddable":true,"href":"https:\/\/www.cndb.com.br\/new\/wp-json\/wp\/v2\/users\/1"}],"replies":[{"embeddable":true,"href":"https:\/\/www.cndb.com.br\/new\/wp-json\/wp\/v2\/comments?post=1760"}],"version-history":[{"count":28,"href":"https:\/\/www.cndb.com.br\/new\/wp-json\/wp\/v2\/pages\/1760\/revisions"}],"predecessor-version":[{"id":4516,"href":"https:\/\/www.cndb.com.br\/new\/wp-json\/wp\/v2\/pages\/1760\/revisions\/4516"}],"wp:attachment":[{"href":"https:\/\/www.cndb.com.br\/new\/wp-json\/wp\/v2\/media?parent=1760"}],"curies":[{"name":"wp","href":"https:\/\/api.w.org\/{rel}","templated":true}]}}